{"id":3798,"date":"2020-05-07T16:48:52","date_gmt":"2020-05-07T16:48:52","guid":{"rendered":"https:\/\/sunya.academy\/about-sun-ya\/"},"modified":"2024-10-14T17:45:58","modified_gmt":"2024-10-14T17:45:58","slug":"about-sun-ya","status":"publish","type":"page","link":"https:\/\/sunya.academy\/de\/about-sun-ya\/","title":{"rendered":"\u00dcber Sun Ya"},"content":{"rendered":"<div class=\"wpb-content-wrapper\"><p>[vc_row][vc_column][vc_column_text css=&#8221;&#8221;]<\/p>\n<h1 style=\"text-align: center;\"><span id=\"dp\">Sehnst Du Dich<\/span> danach, Dich mit Deinem wahren, g\u00f6ttlichen Selbst zu verbinden?<br \/>\nRuft deine <span id=\"dp\">Seele<\/span> nach tiefer Heilung und Erwachen?<br \/>\nM\u00f6chtest Du Dein <span id=\"dp\">g\u00f6ttliches Selbst<\/span> auf der Erde erfahren und leben?<\/h1>\n<p>[\/vc_column_text][vc_column_text css=&#8221;&#8221;]Dann nimm meine Hand und erlaube mir, Dich auf Deinem Weg zu begleiten.<\/p>\n<p>Ich bin Sun Ya.<\/p>\n<p>Eine Vision\u00e4rin. Heilerin. Lehrerin. Freundin. Trainerin. Naturliebhaberin. Und die Gr\u00fcnderin von <a href=\"https:\/\/akashasacred.eu\" target=\"_blank\" rel=\"nofollow noopener\">AKASHA SACRED<\/a>.<\/p>\n<p>Wenn du eins werden willst mit dem g\u00f6ttlichen Fluss aller Sch\u00f6pfung\u2026<\/p>\n<p>Wenn Du alte Traumata aus verschiedenen Inkarnationen heilen m\u00f6chtest, die Dich von Deiner nat\u00fcrlichen Verbindung zu Gott abhalten\u2026<\/p>\n<p>Und Dein vollst\u00e4ndiges Potenzial hier in diesem Leben zu leben\u2026<\/p>\n<p>Dann w\u00fcrde ich mich freuen, Dich auf dieser Reise unterst\u00fctzen zu d\u00fcrfen!<\/p>\n<h3>Wie ich Dir Unterst\u00fctzung f\u00fcr Dich auf <span id=\"dp\">Deinem Weg<\/span> anbiete<\/h3>\n<p>Mit meinen Coachings und meiner Einzelarbeit unterst\u00fctze ich Dich dabei, dass Du Dich mit deinem g\u00f6ttlichen Ursprung verbinden kannst und dadurch zur\u00fcck in Deinen g\u00f6ttlichen Fluss kommst.<\/p>\n<p>Gemeinsam werden wir uns an Deine eigene G\u00f6ttlichkeit, Dein Herz und Deinen heiligen Lebensweg erinnern.<\/p>\n<p>Von der tiefen Traumaaufl\u00f6sung und der Arbeit an fr\u00fcheren Inkarnationen bis hin zur vollst\u00e4ndigen Heilung Deiner Inkarnationspfade, um Dein volles Potenzial auszusch\u00f6pfen und Deine tiefere Aufgabe in diesem Leben zu entdecken&#8230;<\/p>\n<p>Ich bin hier, um Dich mit meiner Begleitung zu unterst\u00fctzen und Deinen Weg zu beleuchten.<\/p>\n<p>Ich werde all meine Gaben und Methoden nutzen, um Dir zu helfen, Dich auf Dein h\u00f6chstes Potenzial auszurichten, Klarheit zu finden und Deinen g\u00f6ttlichen Ursprung vollst\u00e4ndig auf die Erde zu bringen.<\/p>\n<p>Bist Du neugierig geworden?<\/p>\n<p>Hier erf\u00e4hrst Du mehr \u00fcber mein Coaching und wie ich Dich am besten unterst\u00fctzen kann.<\/p>\n<h3>Mein <span id=\"dp\">eigener Weg<\/span> der Heilung und Ausdehnung<\/h3>\n<p>Als spirituell Suchende und Weltreisende hat mich der Weg meiner Seele um die ganze Welt gef\u00fchrt &#8211; nach Nordamerika, Europa und Asien\u2026<\/p>\n<p>Und als ich 2003 zum ersten Mal nach Taiwan kam, f\u00fchlte ich, dass es mein Zuhause ist.<\/p>\n<p>Ich machte einen gro\u00dfen Sprung und beschloss, Deutschland &#8211; mein Geburtsland &#8211; zu verlassen, um meinem Herzen zu folgen und in das Land des Lotus, Symbol f\u00fcr Reinheit und Sch\u00f6nheit, zu ziehen. Ich lebe jetzt seit 2004 in Taiwan und konnte dort als spirituelle F\u00fchrerin eine starke, wundervolle Gemeinschaft von \u00fcber 2.000 Menschen aufbauen.<\/p>\n<p>Meine Sch\u00fcler kommen aus Malaysia, Hongkong, China, Japan, Singapur, Taiwan und allen Teilen der Welt, um an meinen Seminaren und Retreats teilzunehmen. Und daf\u00fcr k\u00f6nnte ich nicht dankbarer sein.<\/p>\n<p>Seit 2014 bilde ich spirituelle Lehrer aus, um meine Vision zu unterst\u00fctzen, Heilung und Liebe zu verbreiten und Menschen auf der ganzen Welt zu ihrer eigenen G\u00f6ttlichkeit zu erwecken.<\/p>\n<p>Meine Arbeit entwickelt sich neben meinem spirituellen Weg\u2026<\/p>\n<p><strong>Und ich bin zutiefst dankbar und erfreut, dass sich unsere Wege gekreuzt haben.<\/strong>[\/vc_column_text][\/vc_column][\/vc_row]<\/p>\n<\/div>","protected":false},"excerpt":{"rendered":"<p>[vc_row][vc_column][vc_column_text css=&#8221;&#8221;] Sehnst Du Dich danach, Dich mit Deinem wahren, g\u00f6ttlichen Selbst zu verbinden? Ruft deine Seele nach tiefer Heilung und Erwachen? M\u00f6chtest Du Dein g\u00f6ttliches Selbst auf der Erde erfahren und leben? [\/vc_column_text][vc_column_text css=&#8221;&#8221;]Dann nimm meine Hand und erlaube mir, Dich auf Deinem Weg zu begleiten. Ich bin Sun Ya. Eine Vision\u00e4rin. Heilerin. Lehrerin. [&hellip;]<\/p>\n","protected":false},"author":1,"featured_media":0,"parent":0,"menu_order":0,"comment_status":"closed","ping_status":"closed","template":"","meta":{"footnotes":""},"class_list":["post-3798","page","type-page","status-publish","hentry"],"aioseo_notices":[],"_links":{"self":[{"href":"https:\/\/sunya.academy\/de\/wp-json\/wp\/v2\/pages\/3798","targetHints":{"allow":["GET"]}}],"collection":[{"href":"https:\/\/sunya.academy\/de\/wp-json\/wp\/v2\/pages"}],"about":[{"href":"https:\/\/sunya.academy\/de\/wp-json\/wp\/v2\/types\/page"}],"author":[{"embeddable":true,"href":"https:\/\/sunya.academy\/de\/wp-json\/wp\/v2\/users\/1"}],"replies":[{"embeddable":true,"href":"https:\/\/sunya.academy\/de\/wp-json\/wp\/v2\/comments?post=3798"}],"version-history":[{"count":5,"href":"https:\/\/sunya.academy\/de\/wp-json\/wp\/v2\/pages\/3798\/revisions"}],"predecessor-version":[{"id":4151,"href":"https:\/\/sunya.academy\/de\/wp-json\/wp\/v2\/pages\/3798\/revisions\/4151"}],"wp:attachment":[{"href":"https:\/\/sunya.academy\/de\/wp-json\/wp\/v2\/media?parent=3798"}],"curies":[{"name":"wp","href":"https:\/\/api.w.org\/{rel}","templated":true}]}}